{"id":1909,"date":"2023-03-27T14:48:08","date_gmt":"2023-03-27T13:48:08","guid":{"rendered":"https:\/\/spie.mbshops.nl\/product\/cycling-windbreaker-pro\/"},"modified":"2023-03-27T14:48:08","modified_gmt":"2023-03-27T13:48:08","slug":"cycling-windbreaker-pro","status":"publish","type":"product","link":"https:\/\/spie.mbshops.nl\/fr\/produit\/cycling-windbreaker-pro\/","title":{"rendered":"Cycling windbreaker &#8211; pro"},"content":{"rendered":"","protected":false},"excerpt":{"rendered":"<p>Gilet coupe-vent sans manches, poids plume, avec bandes r\u00e9fl\u00e9chissantes et panneau arri\u00e8re arrondi extra-long. Facile \u00e0 plier dans la poche situ\u00e9e \u00e0 l&rsquo;int\u00e9rieur du gilet. La partie avant est en mat\u00e9riau coupe-vent et la partie arri\u00e8re en mat\u00e9riau respirant pour une bonne ventilation.<\/p>\n<p><strong>V\u00e9rifiez le tableau des tailles pour trouver la bonne taille et, en cas de doute, commandez une taille au-dessus.<\/strong><\/p>\n","protected":false},"featured_media":2173,"comment_status":"open","ping_status":"closed","template":"","meta":[],"product_brand":[],"product_cat":[409],"product_tag":[],"class_list":{"0":"post-1909","1":"product","2":"type-product","3":"status-publish","4":"has-post-thumbnail","6":"product_cat-cyclisme-hommes","8":"first","9":"instock","10":"taxable","11":"shipping-taxable","12":"purchasable","13":"product-type-variable"},"_links":{"self":[{"href":"https:\/\/spie.mbshops.nl\/fr\/wp-json\/wp\/v2\/product\/1909","targetHints":{"allow":["GET"]}}],"collection":[{"href":"https:\/\/spie.mbshops.nl\/fr\/wp-json\/wp\/v2\/product"}],"about":[{"href":"https:\/\/spie.mbshops.nl\/fr\/wp-json\/wp\/v2\/types\/product"}],"replies":[{"embeddable":true,"href":"https:\/\/spie.mbshops.nl\/fr\/wp-json\/wp\/v2\/comments?post=1909"}],"wp:featuredmedia":[{"embeddable":true,"href":"https:\/\/spie.mbshops.nl\/fr\/wp-json\/wp\/v2\/media\/2173"}],"wp:attachment":[{"href":"https:\/\/spie.mbshops.nl\/fr\/wp-json\/wp\/v2\/media?parent=1909"}],"wp:term":[{"taxonomy":"product_brand","embeddable":true,"href":"https:\/\/spie.mbshops.nl\/fr\/wp-json\/wp\/v2\/product_brand?post=1909"},{"taxonomy":"product_cat","embeddable":true,"href":"https:\/\/spie.mbshops.nl\/fr\/wp-json\/wp\/v2\/product_cat?post=1909"},{"taxonomy":"product_tag","embeddable":true,"href":"https:\/\/spie.mbshops.nl\/fr\/wp-json\/wp\/v2\/product_tag?post=1909"}],"curies":[{"name":"wp","href":"https:\/\/api.w.org\/{rel}","templated":true}]}}