{"id":1967,"date":"2023-03-27T11:19:46","date_gmt":"2023-03-27T10:19:46","guid":{"rendered":"https:\/\/spie.mbshops.nl\/product\/cycling-autumnjack-pro\/"},"modified":"2023-03-27T11:19:46","modified_gmt":"2023-03-27T10:19:46","slug":"cycling-autumnjack-pro","status":"publish","type":"product","link":"https:\/\/spie.mbshops.nl\/fr\/produit\/cycling-autumnjack-pro\/","title":{"rendered":"Cycling autumnjack &#8211; pro"},"content":{"rendered":"","protected":false},"excerpt":{"rendered":"<p>Veste avec coupe ajust\u00e9e, manches et poignets incurv\u00e9s et bandes r\u00e9fl\u00e9chissantes. La veste est dot\u00e9e d\u2019un panneau arri\u00e8re extra-long avec une bande agrippante au bas, de 3 poches arri\u00e8re spacieuses et d\u2019une poche d\u00e9perlante pour votre t\u00e9l\u00e9phone avec une ouverture pour vos \u00e9couteurs.<\/p>\n<p><strong>V\u00e9rifiez la taille correcte dans le tableau des tailles et, en cas de doute, commandez une taille au-dessus.<\/strong><\/p>\n","protected":false},"featured_media":2149,"comment_status":"open","ping_status":"closed","template":"","meta":[],"product_brand":[],"product_cat":[410],"product_tag":[],"class_list":{"0":"post-1967","1":"product","2":"type-product","3":"status-publish","4":"has-post-thumbnail","6":"product_cat-cyclisme-femmes","8":"first","9":"instock","10":"taxable","11":"shipping-taxable","12":"purchasable","13":"product-type-variable"},"_links":{"self":[{"href":"https:\/\/spie.mbshops.nl\/fr\/wp-json\/wp\/v2\/product\/1967","targetHints":{"allow":["GET"]}}],"collection":[{"href":"https:\/\/spie.mbshops.nl\/fr\/wp-json\/wp\/v2\/product"}],"about":[{"href":"https:\/\/spie.mbshops.nl\/fr\/wp-json\/wp\/v2\/types\/product"}],"replies":[{"embeddable":true,"href":"https:\/\/spie.mbshops.nl\/fr\/wp-json\/wp\/v2\/comments?post=1967"}],"wp:featuredmedia":[{"embeddable":true,"href":"https:\/\/spie.mbshops.nl\/fr\/wp-json\/wp\/v2\/media\/2149"}],"wp:attachment":[{"href":"https:\/\/spie.mbshops.nl\/fr\/wp-json\/wp\/v2\/media?parent=1967"}],"wp:term":[{"taxonomy":"product_brand","embeddable":true,"href":"https:\/\/spie.mbshops.nl\/fr\/wp-json\/wp\/v2\/product_brand?post=1967"},{"taxonomy":"product_cat","embeddable":true,"href":"https:\/\/spie.mbshops.nl\/fr\/wp-json\/wp\/v2\/product_cat?post=1967"},{"taxonomy":"product_tag","embeddable":true,"href":"https:\/\/spie.mbshops.nl\/fr\/wp-json\/wp\/v2\/product_tag?post=1967"}],"curies":[{"name":"wp","href":"https:\/\/api.w.org\/{rel}","templated":true}]}}